{"id":100,"date":"2022-02-19T08:51:42","date_gmt":"2022-02-19T08:51:42","guid":{"rendered":"https:\/\/hehoaka.com\/?page_id=100"},"modified":"2024-08-03T09:10:42","modified_gmt":"2024-08-03T09:10:42","slug":"writing","status":"publish","type":"page","link":"https:\/\/hehoaka.com\/?page_id=100","title":{"rendered":"Writing"},"content":{"rendered":"\n<p class=\"\"><\/p>\n\n\n\n<div class=\"wp-container-3 wp-block-columns\">\n<div class=\"wp-container-1 wp-block-column\" style=\"flex-basis:33.33%\">\n<h2 class=\"\">Justice and violence<\/h2>\n<\/div>\n\n\n\n<div class=\"wp-container-2 wp-block-column\" style=\"flex-basis:66.66%\">\n<p class=\"\">What is our vision to end both interpersonal violence and structural violence, like colonisation and the state\u2019s criminal legal system?<\/p>\n<\/div>\n<\/div>\n\n\n\n<p class=\"\"><\/p>\n\n\n\n<div class=\"wp-container-6 wp-block-columns are-vertically-aligned-top\">\n<div class=\"wp-container-4 wp-block-column is-vertically-aligned-top\" style=\"flex-basis:80%\">\n<p class=\"\">2022 &#8216;Ng\u0101 mahi o Rarohenga: organising well means organising to end violence&#8217; (journal article), <em>Counterfutures<\/em> 12<\/p>\n<\/div>\n\n\n\n<div class=\"wp-container-5 wp-block-column is-vertically-aligned-top\" style=\"flex-basis:20%\">\n<div class=\"wp-block-file\"><a id=\"wp-block-file--media-a57db425-a22d-463e-b42f-43ea95945d14\" href=\"https:\/\/hehoaka.com\/wp-content\/uploads\/2022\/10\/1.2-Nga_Mahi_o_Rarohenga_Organising_Well_Mea.pdf\" target=\"_blank\" rel=\"noreferrer noopener\"><br>PDF<\/a><a href=\"https:\/\/hehoaka.com\/wp-content\/uploads\/2022\/10\/1.2-Nga_Mahi_o_Rarohenga_Organising_Well_Mea.pdf\" class=\"wp-block-file__button\" download aria-describedby=\"wp-block-file--media-a57db425-a22d-463e-b42f-43ea95945d14\">Download<\/a><\/div>\n<\/div>\n<\/div>\n\n\n\n<div class=\"wp-container-9 wp-block-columns\">\n<div class=\"wp-container-7 wp-block-column\" style=\"flex-basis:80%\">\n<p class=\"\">He Ara Mataora: tools to stop violence<\/p>\n<\/div>\n\n\n\n<div class=\"wp-container-8 wp-block-column\" style=\"flex-basis:20%\">\n<p class=\"\"><a href=\"https:\/\/www.mataora.wananga.com\/\" target=\"_blank\" rel=\"noreferrer noopener\">Website<\/a><\/p>\n<\/div>\n<\/div>\n\n\n\n<div class=\"wp-container-12 wp-block-columns\">\n<div class=\"wp-container-10 wp-block-column\" style=\"flex-basis:80%\">\n<p class=\"\">2010 &#8216;Justice without the State&#8217; (zine article), <em>Radicle<\/em><\/p>\n<\/div>\n\n\n\n<div class=\"wp-container-11 wp-block-column\" style=\"flex-basis:20%\">\n<div class=\"wp-block-file\"><a id=\"wp-block-file--media-bc6409cd-6dd0-4358-a703-7ebc78382225\" href=\"https:\/\/hehoaka.com\/wp-content\/uploads\/2022\/10\/1.4-justice-without-the-state-2010.pdf\" target=\"_blank\" rel=\"noreferrer noopener\">PDF<\/a><a href=\"https:\/\/hehoaka.com\/wp-content\/uploads\/2022\/10\/1.4-justice-without-the-state-2010.pdf\" class=\"wp-block-file__button\" download aria-describedby=\"wp-block-file--media-bc6409cd-6dd0-4358-a703-7ebc78382225\">Download<\/a><\/div>\n<\/div>\n<\/div>\n\n\n\n<p class=\"\">2008 &#8216;Why is it so hard to support survivors of abuse?&#8217; (journal article), <em>Imminent Rebellion<\/em> 9 <\/p>\n\n\n\n<div class=\"wp-container-15 wp-block-columns\">\n<div class=\"wp-container-13 wp-block-column\" style=\"flex-basis:80%\">\n<p class=\"\">Coming soon: &#8216;What are we learning from Te Kawa o te Ako about eliminating violence&#8217; (journal article), <em>Whakatupu M\u0101tauranga<\/em> 2<\/p>\n<\/div>\n\n\n\n<div class=\"wp-container-14 wp-block-column\" style=\"flex-basis:20%\">\n<div class=\"wp-block-file aligncenter\"><a id=\"wp-block-file--media-49a0ea35-ef40-4fc9-b6a8-6e670e19a2dd\" href=\"https:\/\/hehoaka.com\/wp-content\/uploads\/2022\/10\/1.1-Te-Kawa-o-te-ako.docx\" target=\"_blank\" rel=\"noreferrer noopener\"><br>Text<\/a><a href=\"https:\/\/hehoaka.com\/wp-content\/uploads\/2022\/10\/1.1-Te-Kawa-o-te-ako.docx\" class=\"wp-block-file__button\" download aria-describedby=\"wp-block-file--media-49a0ea35-ef40-4fc9-b6a8-6e670e19a2dd\">Download<\/a><\/div>\n<\/div>\n<\/div>\n\n\n\n<div style=\"height:100px\" aria-hidden=\"true\" class=\"wp-block-spacer\"><\/div>\n\n\n\n<div class=\"wp-container-18 wp-block-columns\">\n<div class=\"wp-container-16 wp-block-column\" style=\"flex-basis:33.33%\">\n<h2 class=\"\">Gender and sexuality<\/h2>\n<\/div>\n\n\n\n<div class=\"wp-container-17 wp-block-column\" style=\"flex-basis:66.66%\">\n<p class=\"\">If whakapapa is how we understand our place in the world, how have gender and sexuality become so important, and is it healthy?<\/p>\n<\/div>\n<\/div>\n\n\n\n<div class=\"wp-container-21 wp-block-columns\">\n<div class=\"wp-container-19 wp-block-column\" style=\"flex-basis:80%\">\n<p class=\"\">2023 &#8216;He takat\u0101pui, he queer, he mokopuna r\u0101nei&#8217; (book chapter), <em>Honouring Our Ancestors:Takat\u0101pui, Two-Spirit and Indigenous LGBTQI-plus Wellbeing<\/em><\/p>\n<\/div>\n\n\n\n<div class=\"wp-container-20 wp-block-column\" style=\"flex-basis:20%\">\n<p class=\"\"><a href=\"https:\/\/teherengawakapress.co.nz\/honouring-our-ancestors-takatapui-two-spirit-and-indigenous-lgbtqi-well-being\/\" target=\"_blank\" rel=\"noreferrer noopener\">Te Herenga Waka University Press<\/a><\/p>\n<\/div>\n<\/div>\n\n\n\n<div class=\"wp-container-24 wp-block-columns\">\n<div class=\"wp-container-22 wp-block-column\" style=\"flex-basis:80%\">\n<p class=\"\">2016 &#8216;He p\u016br\u0101kau, he p\u016bmahara: telling our stories, teaching our children&#8217; (journal article), <em>Whakatupu M\u0101tauranga<\/em>, 2016<\/p>\n<\/div>\n\n\n\n<div class=\"wp-container-23 wp-block-column\" style=\"flex-basis:20%\">\n<p class=\"\"><a href=\"https:\/\/tetakupu.wananga.com\/products\/whakatupu-matauranga\" target=\"_blank\" rel=\"noreferrer noopener\">Te T\u0101kupu<\/a><\/p>\n<\/div>\n<\/div>\n\n\n\n<div class=\"wp-container-27 wp-block-columns\">\n<div class=\"wp-container-25 wp-block-column\" style=\"flex-basis:80%\">\n<p class=\"\">2013 &#8216;It&#8217;s about wh\u0101nau: oppression, sexuality, and mana&#8217; (presentation), Kei Tua o te Pae proceedings<\/p>\n<\/div>\n\n\n\n<div class=\"wp-container-26 wp-block-column\" style=\"flex-basis:20%\">\n<p class=\"\"><a href=\"https:\/\/tetakupu.wananga.com\/products\/kei-tua-o-te-pae-2012\" target=\"_blank\" rel=\"noreferrer noopener\">Te T\u0101kupu<\/a><\/p>\n<\/div>\n<\/div>\n\n\n\n<div class=\"wp-container-30 wp-block-columns\">\n<div class=\"wp-container-28 wp-block-column\" style=\"flex-basis:80%\">\n<p class=\"\">2012 &#8216;Ahunga Tikanga and sexual diversity&#8217; (journal article), <em>Ahunga Tikanga<\/em><\/p>\n<\/div>\n\n\n\n<div class=\"wp-container-29 wp-block-column\" style=\"flex-basis:20%\">\n<p class=\"\"><a href=\"https:\/\/tetakupu.wananga.com\/products\/ahunga-tikanga\" target=\"_blank\" rel=\"noreferrer noopener\">Te T\u0101kupu<\/a><\/p>\n<\/div>\n<\/div>\n\n\n\n<p class=\"\">Coming soon: &#8216;Our t\u016bpuna dreamed the future for all of us: gender, sexuality and creation stories&#8217; (journal article), <em>Whakatupu M\u0101tauranga<\/em> 2<\/p>\n\n\n\n<div style=\"height:100px\" aria-hidden=\"true\" class=\"wp-block-spacer\"><\/div>\n\n\n\n<div class=\"wp-container-33 wp-block-columns\">\n<div class=\"wp-container-31 wp-block-column\" style=\"flex-basis:33.33%\">\n<h2 class=\"\">Children and the state<\/h2>\n<\/div>\n\n\n\n<div class=\"wp-container-32 wp-block-column\" style=\"flex-basis:66.66%\">\n<p class=\"\">What happens when the state makes decisions about children?<\/p>\n<\/div>\n<\/div>\n\n\n\n<div class=\"wp-container-36 wp-block-columns\">\n<div class=\"wp-container-34 wp-block-column\" style=\"flex-basis:80%\">\n<p class=\"\">May 2024 \u2018Not One More Child\u2019 (<a href=\"https:\/\/e-tangata.co.nz\/comment-and-analysis\/not-one-more-child\/\" target=\"_blank\" rel=\"noreferrer noopener\">online article<\/a>), E-Tangata<\/p>\n\n\n\n<p class=\"\">2022 <em>Korihi te Manu: Stories of Wh\u0101ngai and Adoption<\/em> (book) from the Wh\u0101ngai and Adoption of M\u0101ori project team<\/p>\n<\/div>\n\n\n\n<div class=\"wp-container-35 wp-block-column\" style=\"flex-basis:20%\">\n<p class=\"\"><\/p>\n\n\n\n<p class=\"\"><a href=\"https:\/\/tetakupu.wananga.com\/products\/korihi-te-manu\" target=\"_blank\" rel=\"noreferrer noopener\">Te T\u0101kupu<\/a><\/p>\n<\/div>\n<\/div>\n\n\n\n<p class=\"\">Feb 2022 &#8216;Cast adrift: my story of adoption&#8217; (<a href=\"https:\/\/e-tangata.co.nz\/reflections\/cast-adrift-my-story-of-adoption\/\" target=\"_blank\" rel=\"noreferrer noopener\">online article<\/a>), E-Tangata<\/p>\n\n\n\n<p class=\"\">Nov 2016 &#8216;Racial justice meets the child welfare system: why Hands Off Our Tamariki is a movement for change&#8217; (<a href=\"https:\/\/thespinoff.co.nz\/parenting\/05-11-2016\/racial-justice-and-the-child-welfare-system-hands-off-our-tamariki-is-a-movement-for-change?amp=\" target=\"_blank\" rel=\"noreferrer noopener\">online article<\/a>), The Spinoff Parents<\/p>\n\n\n\n<div style=\"height:100px\" aria-hidden=\"true\" class=\"wp-block-spacer\"><\/div>\n\n\n\n<div class=\"wp-container-39 wp-block-columns\">\n<div class=\"wp-container-37 wp-block-column\" style=\"flex-basis:33.33%\">\n<h2 class=\"\">Other recent writing<\/h2>\n<\/div>\n\n\n\n<div class=\"wp-container-38 wp-block-column\" style=\"flex-basis:66.66%\"><\/div>\n<\/div>\n\n\n\n<p class=\"\">Oct 2023 &#8216;The slow path to m\u0101tauranga&#8217; (<a href=\"https:\/\/e-tangata.co.nz\/reflections\/the-slow-path-to-matauranga\/\">online article<\/a>), E-Tangata<\/p>\n\n\n\n<p class=\"\">Feb 2023 &#8216;There&#8217;s a fine line between appropriation and respect&#8217; (<a href=\"https:\/\/e-tangata.co.nz\/reflections\/theres-a-fine-line-between-appropriation-and-respect\/\">online article<\/a>), E-Tangata<\/p>\n\n\n\n<p class=\"\">Nov 2021 &#8216;When it all feels unstoppable&#8217; (<a href=\"https:\/\/e-tangata.co.nz\/reflections\/when-it-all-feels-unstoppable\/\" target=\"_blank\" rel=\"noreferrer noopener\">online article<\/a>), E-Tangata<\/p>\n\n\n\n<p class=\"\">2018 &#8216;E kore au e ngaro, he k\u0101kano i ruia mai i Rangi\u0101tea: Te W\u0101nanga o Raukawa as an example of educating for Indigenous futures&#8217; (book chapter), <em>Indigenous and Decolonizing Studies in Education<\/em><\/p>\n\n\n\n<p class=\"\">2015 &#8216;M\u0101tauranga M\u0101ori, tino rangatiratanga and the future of New Zealand science&#8217; (<a href=\"https:\/\/www.tandfonline.com\/doi\/full\/10.1080\/03036758.2015.1011171\" target=\"_blank\" rel=\"noreferrer noopener\">journal article<\/a>), <em>Journal of the Royal Society of New Zealand<\/em> 45(2)<\/p>\n\n\n\n<p class=\"\">Original He H\u014daka archive (<a href=\"http:\/\/starspangledrodeo.blogspot.com\/\" target=\"_blank\" rel=\"noreferrer noopener\">blog<\/a>)<\/p>\n\n\n\n<p class=\"\"> <\/p>\n","protected":false},"excerpt":{"rendered":"<p>Justice and violence What is our vision to end both interpersonal violence and structural violence, like colonisation and the state\u2019s criminal legal system? 2022 &#8216;Ng\u0101 mahi o&hellip; <span class=\"read-more\"><a class=\"more-link\" href=\"https:\/\/hehoaka.com\/?page_id=100\" rel=\"bookmark\">Read more <span class=\"screen-reader-text\">&#8220;Writing&#8221;<\/span><\/a><\/span><\/p>\n","protected":false},"author":1,"featured_media":0,"parent":0,"menu_order":0,"comment_status":"closed","ping_status":"closed","template":"","meta":{"om_disable_all_campaigns":false,"_monsterinsights_skip_tracking":false,"_monsterinsights_sitenote_active":false,"_monsterinsights_sitenote_note":"","_monsterinsights_sitenote_category":0},"yoast_head":"<!-- This site is optimized with the Yoast SEO plugin v20.6 - https:\/\/yoast.com\/wordpress\/plugins\/seo\/ -->\n<title>Writing - He H\u014daka<\/title>\n<meta name=\"robots\" content=\"index, follow, max-snippet:-1, max-image-preview:large, max-video-preview:-1\" \/>\n<link rel=\"canonical\" href=\"https:\/\/hehoaka.com\/?page_id=100\" \/>\n<meta property=\"og:locale\" content=\"en_US\" \/>\n<meta property=\"og:type\" content=\"article\" \/>\n<meta property=\"og:title\" content=\"Writing - He H\u014daka\" \/>\n<meta property=\"og:description\" content=\"Justice and violence What is our vision to end both interpersonal violence and structural violence, like colonisation and the state\u2019s criminal legal system? 2022 &#8216;Ng\u0101 mahi o&hellip; Read more &quot;Writing&quot;\" \/>\n<meta property=\"og:url\" content=\"https:\/\/hehoaka.com\/?page_id=100\" \/>\n<meta property=\"og:site_name\" content=\"He H\u014daka\" \/>\n<meta property=\"article:modified_time\" content=\"2024-08-03T09:10:42+00:00\" \/>\n<meta name=\"twitter:card\" content=\"summary_large_image\" \/>\n<meta name=\"twitter:label1\" content=\"Est. reading time\" \/>\n\t<meta name=\"twitter:data1\" content=\"2 minutes\" \/>\n<script type=\"application\/ld+json\" class=\"yoast-schema-graph\">{\"@context\":\"https:\/\/schema.org\",\"@graph\":[{\"@type\":\"WebPage\",\"@id\":\"https:\/\/hehoaka.com\/?page_id=100\",\"url\":\"https:\/\/hehoaka.com\/?page_id=100\",\"name\":\"Writing - He H\u014daka\",\"isPartOf\":{\"@id\":\"https:\/\/hehoaka.com\/#website\"},\"datePublished\":\"2022-02-19T08:51:42+00:00\",\"dateModified\":\"2024-08-03T09:10:42+00:00\",\"inLanguage\":\"en-US\",\"potentialAction\":[{\"@type\":\"ReadAction\",\"target\":[\"https:\/\/hehoaka.com\/?page_id=100\"]}]},{\"@type\":\"WebSite\",\"@id\":\"https:\/\/hehoaka.com\/#website\",\"url\":\"https:\/\/hehoaka.com\/\",\"name\":\"He H\u014daka\",\"description\":\"\",\"potentialAction\":[{\"@type\":\"SearchAction\",\"target\":{\"@type\":\"EntryPoint\",\"urlTemplate\":\"https:\/\/hehoaka.com\/?s={search_term_string}\"},\"query-input\":\"required name=search_term_string\"}],\"inLanguage\":\"en-US\"}]}<\/script>\n<!-- \/ Yoast SEO plugin. -->","yoast_head_json":{"title":"Writing - He H\u014daka","robots":{"index":"index","follow":"follow","max-snippet":"max-snippet:-1","max-image-preview":"max-image-preview:large","max-video-preview":"max-video-preview:-1"},"canonical":"https:\/\/hehoaka.com\/?page_id=100","og_locale":"en_US","og_type":"article","og_title":"Writing - He H\u014daka","og_description":"Justice and violence What is our vision to end both interpersonal violence and structural violence, like colonisation and the state\u2019s criminal legal system? 2022 &#8216;Ng\u0101 mahi o&hellip; Read more \"Writing\"","og_url":"https:\/\/hehoaka.com\/?page_id=100","og_site_name":"He H\u014daka","article_modified_time":"2024-08-03T09:10:42+00:00","twitter_card":"summary_large_image","twitter_misc":{"Est. reading time":"2 minutes"},"schema":{"@context":"https:\/\/schema.org","@graph":[{"@type":"WebPage","@id":"https:\/\/hehoaka.com\/?page_id=100","url":"https:\/\/hehoaka.com\/?page_id=100","name":"Writing - He H\u014daka","isPartOf":{"@id":"https:\/\/hehoaka.com\/#website"},"datePublished":"2022-02-19T08:51:42+00:00","dateModified":"2024-08-03T09:10:42+00:00","inLanguage":"en-US","potentialAction":[{"@type":"ReadAction","target":["https:\/\/hehoaka.com\/?page_id=100"]}]},{"@type":"WebSite","@id":"https:\/\/hehoaka.com\/#website","url":"https:\/\/hehoaka.com\/","name":"He H\u014daka","description":"","potentialAction":[{"@type":"SearchAction","target":{"@type":"EntryPoint","urlTemplate":"https:\/\/hehoaka.com\/?s={search_term_string}"},"query-input":"required name=search_term_string"}],"inLanguage":"en-US"}]}},"jetpack-related-posts":[{"id":98,"url":"https:\/\/hehoaka.com\/?page_id=98","url_meta":{"origin":100,"position":0},"title":"Projects","date":"February 19, 2022","format":false,"excerpt":"He Ara Mataora Information and tools for ending violence ourselves, without relying on police and courts, social workers or agencies. more soon","rel":"","context":"Similar post","img":{"alt_text":"","src":"https:\/\/i0.wp.com\/hehoaka.com\/wp-content\/uploads\/2022\/04\/logo-mataora.jpg?resize=350%2C200&ssl=1","width":350,"height":200},"classes":[]}],"_links":{"self":[{"href":"https:\/\/hehoaka.com\/index.php?rest_route=\/wp\/v2\/pages\/100"}],"collection":[{"href":"https:\/\/hehoaka.com\/index.php?rest_route=\/wp\/v2\/pages"}],"about":[{"href":"https:\/\/hehoaka.com\/index.php?rest_route=\/wp\/v2\/types\/page"}],"author":[{"embeddable":true,"href":"https:\/\/hehoaka.com\/index.php?rest_route=\/wp\/v2\/users\/1"}],"replies":[{"embeddable":true,"href":"https:\/\/hehoaka.com\/index.php?rest_route=%2Fwp%2Fv2%2Fcomments&post=100"}],"version-history":[{"count":4,"href":"https:\/\/hehoaka.com\/index.php?rest_route=\/wp\/v2\/pages\/100\/revisions"}],"predecessor-version":[{"id":587,"href":"https:\/\/hehoaka.com\/index.php?rest_route=\/wp\/v2\/pages\/100\/revisions\/587"}],"wp:attachment":[{"href":"https:\/\/hehoaka.com\/index.php?rest_route=%2Fwp%2Fv2%2Fmedia&parent=100"}],"curies":[{"name":"wp","href":"https:\/\/api.w.org\/{rel}","templated":true}]}}